{"id":238,"date":"2013-05-20T14:53:47","date_gmt":"2013-05-20T14:53:47","guid":{"rendered":"http:\/\/smartleges.com\/?page_id=238"},"modified":"2013-10-10T16:51:06","modified_gmt":"2013-10-10T16:51:06","slug":"a-powerful-law-reader","status":"publish","type":"page","link":"https:\/\/smartleges.com\/es\/tour\/un-potente-lector-de-leyes\/","title":{"rendered":"Un potente lector de leyes"},"content":{"rendered":"<div class=\"featured-presentation featured-presentation4\">\n<div class=\"featured-presentation-slide featured-presentation-slide4\">\n<div class=\"inner-content\">\n<div class=\"featured-slide-box2\">\n<h2><span>Un potente <br \/>lector de leyes<\/span><\/h2>\n<\/div>\n<\/div>\n<\/div>\n<\/div>\n<div  class=\"body_background\">\n<div class=\"inner-content body_wrapper\">\n<div class=\"featured-image smartleges-underline\"> <\/div>\n<div class=\"featured-text\">\n<h2>Un lector mejorado<\/h2>\n<p>El nuevo lector de leyes incorpora muchas novedades para pon\u00e9rtelo m\u00e1s f\u00e1cil: uso m\u00e1s intuitivo de marcadores, nueva funci\u00f3n de subrayado en diferentes colores y la opci\u00f3n de incluir notas en tus subrayados. Para que nada se te olvide.<\/p>\n<p><a href=\"https:\/\/secure.smartleges.com\/user\/registration\/source\/web\" target=\"_blank\" class=\"big-button extra-big-button  button-cyan\">Pru\u00e9balo gratis<\/a><\/p>\n<p>&nbsp;<\/p>\n<\/div>\n<div class=\"clear\" style=\"border-bottom:solid 1px #ddd\"><\/div>\n<p>&nbsp;<\/p>\n<div class=\"featured-image smartleges-search\"> <\/div>\n<div class=\"featured-text\">\n<h2>Nuevo buscador avanzado de leyes<\/h2>\n<p>Con la nueva versi\u00f3n podr\u00e1s buscar casi cualquier ley* a trav\u00e9s del nuevo formulario avanzado de b\u00fasqueda. Toda la legislaci\u00f3n al alcance de tu mano.<\/p>\n<p style=\"font-size:0.8em; color:#666\">*Opci\u00f3n disponible en Espa\u00f1a, Brasil, Reino Unido, M\u00e9xico y Colombia.<\/p>\n<p><a href=\"https:\/\/secure.smartleges.com\/user\/registration\/source\/web\" target=\"_blank\" class=\"big-button extra-big-button  button-cyan\">Pru\u00e9balo gratis<\/a><\/p>\n<p>&nbsp;<\/p>\n<\/div>\n<div class=\"clear\" style=\"border-bottom:solid 1px #ddd\"><\/div>\n<p>&nbsp;<\/p>\n<div class=\"featured-image smartleges-ipads\"> <\/div>\n<div class=\"featured-text\">\n<h2>Nueva versi\u00f3n compatible con tu Tablet<\/h2>\n<p>SmartLeges se ha hecho grande y salta del m\u00f3vil a tu Tablet. Disfruta de su nuevo dise\u00f1o adaptado para sacar el m\u00e1ximo partido de las pantallas m\u00e1s grandes. Tambi\u00e9n te permite usar la aplicaci\u00f3n tanto en vertical como en modo apaisado.<\/p>\n<p><a href=\"https:\/\/secure.smartleges.com\/user\/registration\/source\/web\" target=\"_blank\" class=\"big-button extra-big-button  button-cyan\">Pru\u00e9balo gratis<\/a><\/p>\n<p>\u00a1Prueba ya SmartLeges en tu Tablet!<\/p>\n<p>&nbsp;<\/p>\n<\/p><\/div>\n<div class=\"clear\" style=\"border-bottom:solid 1px #ddd\"><\/div>\n<\/div>\n<\/div>\n","protected":false},"excerpt":{"rendered":"<p>Un potente lector de leyes Un lector mejorado El nuevo lector de leyes incorpora muchas novedades para pon\u00e9rtelo m\u00e1s f\u00e1cil: uso m\u00e1s intuitivo de marcadores, nueva funci\u00f3n de subrayado en diferentes colores y la opci\u00f3n de incluir notas en tus &hellip; <a href=\"https:\/\/smartleges.com\/es\/tour\/un-potente-lector-de-leyes\/\">Continue reading <span class=\"meta-nav\">&rarr;<\/span><\/a><\/p>\n","protected":false},"author":1,"featured_media":0,"parent":272,"menu_order":1,"comment_status":"open","ping_status":"open","template":"featured-template.php","meta":[],"_links":{"self":[{"href":"https:\/\/smartleges.com\/es\/wp-json\/wp\/v2\/pages\/238"}],"collection":[{"href":"https:\/\/smartleges.com\/es\/wp-json\/wp\/v2\/pages"}],"about":[{"href":"https:\/\/smartleges.com\/es\/wp-json\/wp\/v2\/types\/page"}],"author":[{"embeddable":true,"href":"https:\/\/smartleges.com\/es\/wp-json\/wp\/v2\/users\/1"}],"replies":[{"embeddable":true,"href":"https:\/\/smartleges.com\/es\/wp-json\/wp\/v2\/comments?post=238"}],"version-history":[{"count":50,"href":"https:\/\/smartleges.com\/es\/wp-json\/wp\/v2\/pages\/238\/revisions"}],"predecessor-version":[{"id":441,"href":"https:\/\/smartleges.com\/es\/wp-json\/wp\/v2\/pages\/238\/revisions\/441"}],"up":[{"embeddable":true,"href":"https:\/\/smartleges.com\/es\/wp-json\/wp\/v2\/pages\/272"}],"wp:attachment":[{"href":"https:\/\/smartleges.com\/es\/wp-json\/wp\/v2\/media?parent=238"}],"curies":[{"name":"wp","href":"https:\/\/api.w.org\/{rel}","templated":true}]}}