{"id":277,"date":"2013-09-26T11:13:51","date_gmt":"2013-09-26T11:13:51","guid":{"rendered":"http:\/\/smartleges.com\/?page_id=277"},"modified":"2013-10-28T12:34:12","modified_gmt":"2013-10-28T12:34:12","slug":"smartleges-cloud","status":"publish","type":"page","link":"https:\/\/smartleges.com\/es\/tour\/smartleges-cloud\/","title":{"rendered":"SmartLeges Cloud"},"content":{"rendered":"<div class=\"featured-presentation\">\n<div class=\"featured-presentation-slide featured-presentation-slide2\">\n<div class=\"inner-content\">\n<p><span>Multiplataforma<br \/>y Cloud<\/span><\/p>\n<\/div>\n<\/div>\n<\/div>\n<div  class=\"body_background\">\n<div class=\"inner-content body_wrapper\">\n<div class=\"featured-image smartleges-cloud\"> <\/div>\n<div class=\"featured-text\">\n<h2>Tu informaci\u00f3n en cualquier parte<\/h2>\n<p>SmartLeges es ahora multiplataforma y utiliza la tecnolog\u00eda Cloud para que utilices en cada momento el dispositivo que tengas a mano sin preocuparte de d\u00f3nde tienes la informaci\u00f3n. Crea expedientes en el ordenador, subraya en el Tablet, consulta en el m\u00f3vil: SmartLeges se encarga de que siempre tengas la misma informaci\u00f3n disponible en todos los dispositivos.<\/p>\n<p><a href=\"https:\/\/secure.smartleges.com\/user\/registration\/source\/web\" target=\"_blank\" class=\"big-button extra-big-button  button-cyan\">Pru\u00e9balo gratis<\/a><\/p>\n<p>&nbsp;<\/p>\n<\/div>\n<div class=\"clear\" style=\"border-bottom:solid 1px #ddd\"><\/div>\n<p>&nbsp;<\/p>\n<div class=\"featured-image smartleges-encryption\"> <\/div>\n<div class=\"featured-text\">\n<h2>No renuncies a la seguridad<\/h2>\n<p>SmartLeges utiliza conexiones encriptadas SSL de 256-bit en todas las comunicaciones y procesos de sincronizaci\u00f3n. Adem\u00e1s, almacena los datos en los datacenter de OVH, web hosting n.\u00ba 1 de Europa, con copias de seguridad diarias en dos datacenters a m\u00e1s de 300km de distancia, garantizando as\u00ed la seguridad de tu informaci\u00f3n.<\/p>\n<p><a href=\"https:\/\/secure.smartleges.com\/user\/registration\/source\/web\" target=\"_blank\" class=\"big-button extra-big-button  button-cyan\">Pru\u00e9balo gratis<\/a><\/p>\n<\/div>\n<div class=\"clear\" style=\"border-bottom:solid 1px #ddd\"><\/div>\n<\/div>\n<\/div>\n","protected":false},"excerpt":{"rendered":"<p>Multiplataformay Cloud Tu informaci\u00f3n en cualquier parte SmartLeges es ahora multiplataforma y utiliza la tecnolog\u00eda Cloud para que utilices en cada momento el dispositivo que tengas a mano sin preocuparte de d\u00f3nde tienes la informaci\u00f3n. Crea expedientes en el ordenador, &hellip; <a href=\"https:\/\/smartleges.com\/es\/tour\/smartleges-cloud\/\">Continue reading <span class=\"meta-nav\">&rarr;<\/span><\/a><\/p>\n","protected":false},"author":1,"featured_media":0,"parent":272,"menu_order":3,"comment_status":"open","ping_status":"open","template":"featured-template.php","meta":[],"_links":{"self":[{"href":"https:\/\/smartleges.com\/es\/wp-json\/wp\/v2\/pages\/277"}],"collection":[{"href":"https:\/\/smartleges.com\/es\/wp-json\/wp\/v2\/pages"}],"about":[{"href":"https:\/\/smartleges.com\/es\/wp-json\/wp\/v2\/types\/page"}],"author":[{"embeddable":true,"href":"https:\/\/smartleges.com\/es\/wp-json\/wp\/v2\/users\/1"}],"replies":[{"embeddable":true,"href":"https:\/\/smartleges.com\/es\/wp-json\/wp\/v2\/comments?post=277"}],"version-history":[{"count":18,"href":"https:\/\/smartleges.com\/es\/wp-json\/wp\/v2\/pages\/277\/revisions"}],"predecessor-version":[{"id":489,"href":"https:\/\/smartleges.com\/es\/wp-json\/wp\/v2\/pages\/277\/revisions\/489"}],"up":[{"embeddable":true,"href":"https:\/\/smartleges.com\/es\/wp-json\/wp\/v2\/pages\/272"}],"wp:attachment":[{"href":"https:\/\/smartleges.com\/es\/wp-json\/wp\/v2\/media?parent=277"}],"curies":[{"name":"wp","href":"https:\/\/api.w.org\/{rel}","templated":true}]}}