{"id":238,"date":"2013-05-20T14:53:47","date_gmt":"2013-05-20T14:53:47","guid":{"rendered":"http:\/\/smartleges.com\/?page_id=238"},"modified":"2013-10-10T16:51:06","modified_gmt":"2013-10-10T16:51:06","slug":"a-powerful-law-reader","status":"publish","type":"page","link":"https:\/\/smartleges.com\/fr\/tour\/un-puissant-lecteur-de-lois\/","title":{"rendered":"Un puissant lecteur de lois"},"content":{"rendered":"<div class=\"featured-presentation featured-presentation4\">\n<div class=\"featured-presentation-slide featured-presentation-slide4\">\n<div class=\"inner-content\">\n<div class=\"featured-slide-box2\">\n<h2><span>Un puissant <br \/>lecteur de lois<\/span><\/h2>\n<\/div>\n<\/div>\n<\/div>\n<\/div>\n<div  class=\"body_background\">\n<div class=\"inner-content body_wrapper\">\n<div class=\"featured-image smartleges-underline\"> <\/div>\n<div class=\"featured-text\">\n<h2>Un lecteur am\u00e9lior\u00e9<\/h2>\n<p>Le nouveau lecteur de lois int\u00e8gre de nombreuses fonctionnalit\u00e9s nouvelles pour faciliter la t\u00e2che: une utilisation plus intuitive des marqueurs, nouvelle fonction pour souligner dans diff\u00e9rentes couleurs et la possibilit\u00e9 d&rsquo;inclure des notes dans votre soulign\u00e9e.<\/p>\n<p><a href=\"https:\/\/secure.smartleges.com\/user\/registration\/source\/web\" target=\"_blank\" class=\"big-button extra-big-button  button-cyan\">Essayez-le gratuitement<\/a><\/p>\n<p>&nbsp;<\/p>\n<\/div>\n<div class=\"clear\" style=\"border-bottom:solid 1px #ddd\"><\/div>\n<p>&nbsp;<\/p>\n<div class=\"featured-image smartleges-search\"> <\/div>\n<div class=\"featured-text\">\n<h2>Nouvelle fonction de recherche avanc\u00e9e des lois<\/h2>\n<p>Avec la nouvelle version vous pouvez trouver presque n&rsquo;importe quel loi* avec le nouveau formulaire de recherche avanc\u00e9e. Toute la l\u00e9gislation \u00e0 la port\u00e9e de votre main.<\/p>\n<p style=\"font-size:0.8em; color:#666\">*Fonctionnalit\u00e9 disponible au l&rsquo;Espagne, le Royaume-Uni, le Mexique, la Colombie et le Br\u00e9sil<\/p>\n<p><a href=\"https:\/\/secure.smartleges.com\/user\/registration\/source\/web\" target=\"_blank\" class=\"big-button extra-big-button  button-cyan\">Essayez-le gratuitement<\/a><\/p>\n<p>&nbsp;<\/p>\n<\/div>\n<div class=\"clear\" style=\"border-bottom:solid 1px #ddd\"><\/div>\n<p>&nbsp;<\/p>\n<div class=\"featured-image smartleges-ipads\"> <\/div>\n<div class=\"featured-text\">\n<h2>Nouvelle version compatible avec votre tablette<\/h2>\n<p>SmartLeges devient grand et saute de votre smartphone \u00e0 votre tablette. Profitez de son nouveau design adapt\u00e9 pour tirer le meilleur parti des \u00e9crans plus grands. Il vous permet \u00e9galement d&rsquo;utiliser l&rsquo;application tant verticale et mode paysage.<\/p>\n<p><a href=\"https:\/\/secure.smartleges.com\/user\/registration\/source\/web\" target=\"_blank\" class=\"big-button extra-big-button  button-cyan\">Essayez-le gratuitement<\/a><\/p>\n<p>&nbsp;<\/p>\n<\/p><\/div>\n<div class=\"clear\" style=\"border-bottom:solid 1px #ddd\"><\/div>\n<\/div>\n<\/div>\n","protected":false},"excerpt":{"rendered":"<p>Un puissant lecteur de lois Un lecteur am\u00e9lior\u00e9 Le nouveau lecteur de lois int\u00e8gre de nombreuses fonctionnalit\u00e9s nouvelles pour faciliter la t\u00e2che: une utilisation plus intuitive des marqueurs, nouvelle fonction pour souligner dans diff\u00e9rentes couleurs et la possibilit\u00e9 d&rsquo;inclure des &hellip; <a href=\"https:\/\/smartleges.com\/fr\/tour\/un-puissant-lecteur-de-lois\/\">Continue reading <span class=\"meta-nav\">&rarr;<\/span><\/a><\/p>\n","protected":false},"author":1,"featured_media":0,"parent":272,"menu_order":1,"comment_status":"open","ping_status":"open","template":"featured-template.php","meta":[],"_links":{"self":[{"href":"https:\/\/smartleges.com\/fr\/wp-json\/wp\/v2\/pages\/238"}],"collection":[{"href":"https:\/\/smartleges.com\/fr\/wp-json\/wp\/v2\/pages"}],"about":[{"href":"https:\/\/smartleges.com\/fr\/wp-json\/wp\/v2\/types\/page"}],"author":[{"embeddable":true,"href":"https:\/\/smartleges.com\/fr\/wp-json\/wp\/v2\/users\/1"}],"replies":[{"embeddable":true,"href":"https:\/\/smartleges.com\/fr\/wp-json\/wp\/v2\/comments?post=238"}],"version-history":[{"count":50,"href":"https:\/\/smartleges.com\/fr\/wp-json\/wp\/v2\/pages\/238\/revisions"}],"predecessor-version":[{"id":441,"href":"https:\/\/smartleges.com\/fr\/wp-json\/wp\/v2\/pages\/238\/revisions\/441"}],"up":[{"embeddable":true,"href":"https:\/\/smartleges.com\/fr\/wp-json\/wp\/v2\/pages\/272"}],"wp:attachment":[{"href":"https:\/\/smartleges.com\/fr\/wp-json\/wp\/v2\/media?parent=238"}],"curies":[{"name":"wp","href":"https:\/\/api.w.org\/{rel}","templated":true}]}}