{"id":268,"date":"2013-09-26T11:04:11","date_gmt":"2013-09-26T11:04:11","guid":{"rendered":"http:\/\/smartleges.com\/?page_id=268"},"modified":"2013-10-10T17:01:03","modified_gmt":"2013-10-10T17:01:03","slug":"practice-and-case-management-software","status":"publish","type":"page","link":"https:\/\/smartleges.com\/fr\/tour\/gestion-de-cabinets-davocats\/","title":{"rendered":"Gestion de cabinets d&rsquo;avocats"},"content":{"rendered":"<div class=\"featured-presentation\">\n<div class=\"featured-presentation-slide featured-presentation-slide3\">\n<div class=\"inner-content\">\n<p><span>Logiciel de gestion<br \/>de cabinets d&rsquo;avocats<\/span><\/p>\n<\/div>\n<\/div>\n<\/div>\n<div  class=\"body_background\">\n<div class=\"inner-content body_wrapper\">\n<div class=\"featured-image smartleges-matters\"> <\/div>\n<div class=\"featured-text\">\n<h2>Organisez vos dossiers juridiques<\/h2>\n<p>SmartLeges vous aidera \u00e0 organiser votre travail: vous pouvez maintenant cr\u00e9er de dossiers juridiques class\u00e9s par l&rsquo;\u00e9tat (actif, en pause, termin\u00e9e). Ajoutez une description et liez lois, articles, soulign\u00e9s et notes pour faciliter l&rsquo;acc\u00e8s \u00e0 l&rsquo;information dont vous avez besoin.<\/p>\n<p><a href=\"https:\/\/secure.smartleges.com\/user\/registration\/source\/web\" target=\"_blank\" class=\"big-button extra-big-button  button-cyan\">Essayez-le gratuitement<\/a><\/p>\n<p>&nbsp;<\/p>\n<\/div>\n<div class=\"clear\" style=\"border-bottom:solid 1px #ddd\"><\/div>\n<div class=\"featured-image smartleges-agenda\"> <\/div>\n<div class=\"featured-text\">\n<h2>Agenda, contacts and tasks<\/h2>\n<p>Gestiona tu agenda, contactos y tareas relacionadas con tus expedientes. Recibe notificaciones cuando est\u00e9 pr\u00f3xima su fecha de vencimiento. Importa la informaci\u00f3n de tu dispositivo y cons\u00faltala desde el ordenador, smartphone o tablet.<\/p>\n<p><a href=\"https:\/\/secure.smartleges.com\/user\/registration\/source\/web\" target=\"_blank\" class=\"big-button extra-big-button  button-cyan\">Essayez-le gratuitement<\/a><\/p>\n<p>&nbsp;<\/p>\n<\/div>\n<div class=\"clear\" style=\"border-bottom:solid 1px #ddd\"><\/div>\n<\/div>\n<\/div>\n","protected":false},"excerpt":{"rendered":"<p>Logiciel de gestionde cabinets d&rsquo;avocats Organisez vos dossiers juridiques SmartLeges vous aidera \u00e0 organiser votre travail: vous pouvez maintenant cr\u00e9er de dossiers juridiques class\u00e9s par l&rsquo;\u00e9tat (actif, en pause, termin\u00e9e). Ajoutez une description et liez lois, articles, soulign\u00e9s et notes &hellip; <a href=\"https:\/\/smartleges.com\/fr\/tour\/gestion-de-cabinets-davocats\/\">Continue reading <span class=\"meta-nav\">&rarr;<\/span><\/a><\/p>\n","protected":false},"author":1,"featured_media":0,"parent":272,"menu_order":2,"comment_status":"open","ping_status":"open","template":"featured-template.php","meta":[],"_links":{"self":[{"href":"https:\/\/smartleges.com\/fr\/wp-json\/wp\/v2\/pages\/268"}],"collection":[{"href":"https:\/\/smartleges.com\/fr\/wp-json\/wp\/v2\/pages"}],"about":[{"href":"https:\/\/smartleges.com\/fr\/wp-json\/wp\/v2\/types\/page"}],"author":[{"embeddable":true,"href":"https:\/\/smartleges.com\/fr\/wp-json\/wp\/v2\/users\/1"}],"replies":[{"embeddable":true,"href":"https:\/\/smartleges.com\/fr\/wp-json\/wp\/v2\/comments?post=268"}],"version-history":[{"count":41,"href":"https:\/\/smartleges.com\/fr\/wp-json\/wp\/v2\/pages\/268\/revisions"}],"predecessor-version":[{"id":445,"href":"https:\/\/smartleges.com\/fr\/wp-json\/wp\/v2\/pages\/268\/revisions\/445"}],"up":[{"embeddable":true,"href":"https:\/\/smartleges.com\/fr\/wp-json\/wp\/v2\/pages\/272"}],"wp:attachment":[{"href":"https:\/\/smartleges.com\/fr\/wp-json\/wp\/v2\/media?parent=268"}],"curies":[{"name":"wp","href":"https:\/\/api.w.org\/{rel}","templated":true}]}}