{"id":277,"date":"2013-09-26T11:13:51","date_gmt":"2013-09-26T11:13:51","guid":{"rendered":"http:\/\/smartleges.com\/?page_id=277"},"modified":"2013-10-28T12:34:12","modified_gmt":"2013-10-28T12:34:12","slug":"smartleges-cloud","status":"publish","type":"page","link":"https:\/\/smartleges.com\/fr\/tour\/smartleges-cloud\/","title":{"rendered":"SmartLeges Cloud"},"content":{"rendered":"<div class=\"featured-presentation\">\n<div class=\"featured-presentation-slide featured-presentation-slide2\">\n<div class=\"inner-content\">\n<p><span>Multi-plateforme<br \/>et Cloud<\/span><\/p>\n<\/div>\n<\/div>\n<\/div>\n<div  class=\"body_background\">\n<div class=\"inner-content body_wrapper\">\n<div class=\"featured-image smartleges-cloud\"> <\/div>\n<div class=\"featured-text\">\n<h2>Votre information n&rsquo;importe o\u00f9<\/h2>\n<p>SmartLeges est maintenant multi-plateforme et utilise la technologie de Cloud afin que vous pouvez utiliser \u00e0 tout moment l&rsquo;appareil que vous avez \u00e0 port\u00e9e de main sans avoir \u00e0 se soucier o\u00f9 vous avez de l&rsquo;information. Cr\u00e9ez des questions sur l&rsquo;ordinateur, soulignez sur votre tablette, v\u00e9rifiez sur votre smartphone: SmartLeges prend en charge que vous avez toujours les m\u00eames informations disponibles sur tous les p\u00e9riph\u00e9riques.<\/p>\n<p><a href=\"https:\/\/secure.smartleges.com\/user\/registration\/source\/web\" target=\"_blank\" class=\"big-button extra-big-button  button-cyan\">Essayez-le gratuitement<\/a><\/p>\n<p>&nbsp;<\/p>\n<\/div>\n<div class=\"clear\" style=\"border-bottom:solid 1px #ddd\"><\/div>\n<p>&nbsp;<\/p>\n<div class=\"featured-image smartleges-encryption\"> <\/div>\n<div class=\"featured-text\">\n<h2>N&rsquo;abandonnez pas la s\u00e9curit\u00e9<\/h2>\n<p>SmartLeges utilise connexions chiffr\u00e9es SSL de 256-bit dans toutes les communications et les processus de synchronisation. En outre, stocke les donn\u00e9es dans le datacenter d&rsquo;OVH, n\u00b0 1 en Europe avec des sauvegardes quotidiennes dans deux centres de donn\u00e9es plus de 300 km, assurant ainsi la s\u00e9curit\u00e9 de vos informations.<\/p>\n<p><a href=\"https:\/\/secure.smartleges.com\/user\/registration\/source\/web\" target=\"_blank\" class=\"big-button extra-big-button  button-cyan\">Essayez-le gratuitement<\/a><\/p>\n<\/div>\n<div class=\"clear\" style=\"border-bottom:solid 1px #ddd\"><\/div>\n<\/div>\n<\/div>\n","protected":false},"excerpt":{"rendered":"<p>Multi-plateformeet Cloud Votre information n&rsquo;importe o\u00f9 SmartLeges est maintenant multi-plateforme et utilise la technologie de Cloud afin que vous pouvez utiliser \u00e0 tout moment l&rsquo;appareil que vous avez \u00e0 port\u00e9e de main sans avoir \u00e0 se soucier o\u00f9 vous avez &hellip; <a href=\"https:\/\/smartleges.com\/fr\/tour\/smartleges-cloud\/\">Continue reading <span class=\"meta-nav\">&rarr;<\/span><\/a><\/p>\n","protected":false},"author":1,"featured_media":0,"parent":272,"menu_order":3,"comment_status":"open","ping_status":"open","template":"featured-template.php","meta":[],"_links":{"self":[{"href":"https:\/\/smartleges.com\/fr\/wp-json\/wp\/v2\/pages\/277"}],"collection":[{"href":"https:\/\/smartleges.com\/fr\/wp-json\/wp\/v2\/pages"}],"about":[{"href":"https:\/\/smartleges.com\/fr\/wp-json\/wp\/v2\/types\/page"}],"author":[{"embeddable":true,"href":"https:\/\/smartleges.com\/fr\/wp-json\/wp\/v2\/users\/1"}],"replies":[{"embeddable":true,"href":"https:\/\/smartleges.com\/fr\/wp-json\/wp\/v2\/comments?post=277"}],"version-history":[{"count":18,"href":"https:\/\/smartleges.com\/fr\/wp-json\/wp\/v2\/pages\/277\/revisions"}],"predecessor-version":[{"id":489,"href":"https:\/\/smartleges.com\/fr\/wp-json\/wp\/v2\/pages\/277\/revisions\/489"}],"up":[{"embeddable":true,"href":"https:\/\/smartleges.com\/fr\/wp-json\/wp\/v2\/pages\/272"}],"wp:attachment":[{"href":"https:\/\/smartleges.com\/fr\/wp-json\/wp\/v2\/media?parent=277"}],"curies":[{"name":"wp","href":"https:\/\/api.w.org\/{rel}","templated":true}]}}