{"id":96,"date":"2013-02-27T12:47:33","date_gmt":"2013-02-27T12:47:33","guid":{"rendered":"http:\/\/smartleges.com\/?page_id=96"},"modified":"2013-10-10T16:59:58","modified_gmt":"2013-10-10T16:59:58","slug":"privacy-terms","status":"publish","type":"page","link":"https:\/\/smartleges.com\/fr\/confidentialite-et-conditions\/","title":{"rendered":"Confidentialit\u00e9 et conditions"},"content":{"rendered":"<p>Le pr\u00e9sent avis juridique contient les conditions d&rsquo;utilisation de cette application. En s\u00e9lectionnant \u2018ACCEPTER\u2019 vous acceptez tous les termes et conditions d&rsquo;utilisation de cette licence, qui constitue un contrat contraignant entre SmartLeges et vous, l&rsquo;utilisateur final. Dans tous les cas, l&rsquo;installation et l&rsquo;utilisation de cette application implique l&rsquo;acceptation des pr\u00e9sentes conditions d&rsquo;utilisation. Les utilisateurs peuvent adresser leurs suggestions, questions ou r\u00e9clamations relatives au fonctionnement de notre service par l\u2019interm\u00e9diaire du formulaire de suggestions de cette application. <\/p>\n<p>1. Objet. SmartLeges est une application qui offre un acc\u00e8s aux lois. <\/p>\n<p>2. Utilisation du logiciel. Vous ne devez pas fabriquer ou distribuer des copies de tout ou partie du logiciel. Celui-ci est destin\u00e9 uniquement \u00e0 votre usage personnel. <\/p>\n<p>3. Copyright. Ce logiciel, sa structure, son organisation et son code appartiennent \u00e0 SmartLeges, et sont prot\u00e9g\u00e9s par les lois internationales concernant le copyright. Ce contrat ne vous conf\u00e8re aucun droit de propri\u00e9t\u00e9 intellectuelle sur le logiciel. Vous acceptez de ne pas copier, modifier, traduire, adapter ou d\u00e9compiler le logiciel et de ne prendre aucune mesure visant \u00e0 le modifier. <\/p>\n<p>4. Aucune garantie. Ce logiciel est fourni \u00ab\u00a0tel quel\u00a0\u00bb et SmartLeges n&rsquo;offre aucune garantie, qu&rsquo;elle soit expresse ou implicite, quant \u00e0 son bon fonctionnement, sa performance ou les r\u00e9sultats obtenus par son utilisation. <\/p>\n<p>5. Nouvelles fonctionnalit\u00e9s et applications. L&rsquo;utilisateur autorise express\u00e9ment SmartLeges \u00e0 mettre en \u0153uvre des actions informatives et commerciales concernant les nouvelles fonctionnalit\u00e9s et \/ ou les nouvelles applications vendues par l&rsquo;interm\u00e9diaire de l&rsquo;application Market, et \u00e0 r\u00e9pondre aux suggestions envoy\u00e9es par l&rsquo;utilisateur en ayant recours aux moyens de communication de l&rsquo;application, tels que le courrier \u00e9lectronique, les r\u00e9seaux sociaux ou tout autre type de moyen de communication t\u00e9l\u00e9matique. <\/p>\n<p>6. Modifications et mises \u00e0 jour. SmartLeges se r\u00e9serve, \u00e0 tout moment et sans n\u00e9cessit\u00e9 de pr\u00e9avis, le droit de modifier et de mettre \u00e0 jour l&rsquo;information contenue dans l&rsquo;application, sa configuration, sa disponibilit\u00e9 et sa pr\u00e9sentation, ainsi que les pr\u00e9sentes conditions d&rsquo;utilisation. <\/p>\n<p>6.1. App Stores.  You acknowledge and agree that the availability of the SmartLeges Software is dependent on the third party from which you received the SmartLeges Software, e.g., the Android Market or Apple app store (each, an \u00ab\u00a0App Store\u00a0\u00bb).  You acknowledge that this Agreement is between you and SmartLeges and not with the App Store.  Each App Store may have its own terms and conditions to which you must agree before downloading the SmartLeges Software from it.  You agree to comply with, and your license to use the SmartLeges Software is conditioned upon your compliance with, all applicable terms and conditions of the applicable App Store.<\/p>\n<p>6.2. Payments. Cancellation. Final Sale:  Any and all payments made to SmartLeges for use and access to any SmartLeges Services and SmartLeges Software are final and all charges are nonrefundable. Cancellations are effective the following billing period in which payment is due. You will not receive a refund for any payment amount, even if payment was made for multiple billing periods. If you have an account set up for reoccurring billing, you may cancel your account at any time. You will continue to have the same access for any billing period or periods for which you have paid. If your profile content or your conduct within the SmartLeges Software or SmartLeges Services violates our Terms of Service, your access and account may be immediately terminated and all payments forfeited.<\/p>\n<p>7. Apple App Store Additional Terms and Conditions.  The following additional terms and conditions apply to you if you are using a SmartLeges Software from the Apple App Store.  To the extent the other terms and conditions of this Agreement are less restrictive than, or otherwise conflict with, the terms and conditions of this Section 19, the more restrictive or conflicting terms and conditions in this Section 19 apply, but solely with respect to SmartLeges Softwares from the Apple App Store.<\/p>\n<p>7.1. Acknowledgement: SmartLeges and you acknowledge that this Agreement is concluded between SmartLeges and you only, and not with Apple, and SmartLeges, not Apple, is solely responsible for SmartLeges Software and the content thereof.  To the extent this Agreement provides for usage rules for SmartLeges Software that are less restrictive than the Usage Rules set forth for SmartLeges Software in, or otherwise is in conflict with, the App Store Terms of Service, the more restrictive or conflicting Apple term applies.<\/p>\n<p>7.2. Scope of License: The license granted to you for SmartLeges Software is limited to a non-transferable license to use SmartLeges Software on an iOS Product that you own or control and as permitted by the Usage Rules set forth in the App Store Terms of Service.<\/p>\n<p>7.3. Maintenance and Support: SmartLeges is solely responsible for providing any maintenance and support services with respect to SmartLeges Software, as specified in this Agreement (if any), or as required under applicable law. SmartLeges and you acknowledge that Apple has no obligation whatsoever to furnish any maintenance and support services with respect to SmartLeges Software.<\/p>\n<p>7.4. Warranty: SmartLeges is solely responsible for any product warranties, whether express or implied by law, to the extent not effectively disclaimed. In the event of any failure of SmartLeges Software to conform to any applicable warranty, you may notify Apple, and Apple will refund the purchase price for SmartLeges Software to you; and to the maximum extent permitted by applicable law, Apple will have no other warranty obligation whatsoever with respect to SmartLeges Software, and any other claims, losses, liabilities, damages, costs or expenses attributable to any failure to conform to any warranty will be SmartLeges&rsquo;s sole  responsibility.<\/p>\n<p>7.5. Product Claims: SmartLeges and you acknowledge that SmartLeges, not Apple, is responsible for addressing any claims of you or any third party relating to SmartLeges Software or your possession and\/or use of SmartLeges Software, including, but not limited to: (i) product liability claims; (ii) any claim that SmartLeges Software fails to conform to any applicable legal or regulatory requirement; and (iii) claims arising under consumer protection or similar legislation. This Agreement does not limit SmartLeges&rsquo;s liability to you beyond what is permitted by applicable law.<\/p>\n<p>7.6. Intellectual Property Rights: SmartLeges and you acknowledge that, in the event of any third party claim that SmartLeges Software or your possession and use of SmartLeges Software infringes that third party&rsquo;s intellectual property rights, SmartLeges, not Apple, will be solely responsible for the investigation, defense, settlement and discharge of any such intellectual property infringement claim.<\/p>\n<p>7.7. Legal Compliance: You represent and warrant that (i) you are not located in a country that is subject to a U.S. Government embargo, or that has been designated by the U.S. Government as a \u00ab\u00a0terrorist supporting\u00a0\u00bb country; and (ii) you are not listed on any U.S. Government list of prohibited or restricted parties.<\/p>\n<p>7.8. Developer Name and Address: SmartLeges&rsquo;s contact information for any end-user questions, complaints or claims with respect to SmartLeges Software is set forth in Section 18.10.<\/p>\n<p>7.9. Third Party Terms of Agreement: You must comply with applicable third party terms of agreement when using SmartLeges Software<\/p>\n<p>7.10. Third Party Beneficiary: SmartLeges and you acknowledge and agree that Apple, and Apple&rsquo;s  subsidiaries, are third party beneficiaries of this Agreement, and that, upon your acceptance of the terms and conditions of this Agreement, Apple will have the right (and will be deemed to have accepted the right) to enforce this Agreement against you as a third party beneficiary thereof.<\/p>\n<p>8. SmartLeges Premium. SmartLeges peut \u00eatre utilis\u00e9 gratuitement ou via un abonnement de SmartLeges Premium.  Les prix de SmartLeges Premium peuvent varier selon le pays. L&rsquo;abonnement \u00e0 SmartLeges est valide pour 30 jours. Le paiement sera port\u00e9 \u00e0 votre compte iTunes, Google Play ou Paypal \u00e0 la confirmation de l&rsquo;achat. Votre abonnement se renouvelle automatiquement \u00e0 moins que le renouvellement automatique est \u00e9teint au moins 24 heures avant la fin de la p\u00e9riode actuelle. Votre compte sera d\u00e9bit\u00e9 le prix indiqu\u00e9 en haut de l&rsquo;\u00e9cran de renouvellement dans les 24 heures avant la fin de la p\u00e9riode actuelle. Les souscriptions peuvent \u00eatre g\u00e9r\u00e9s et auto-renouvellement peuvent \u00eatre d\u00e9sactiv\u00e9s en allant \u00e0 l&rsquo;\u00e9cran Param\u00e8tres du compte dans l&rsquo;App Store, Google Play ou Paypal apr\u00e8s l&rsquo;achat. Aucune annulation de l&rsquo;abonnement en cours pendant la p\u00e9riode d&rsquo;abonnement active. Si vous annulez votre abonnement ou il devient temporairement suspendu pour non-paiement, vous pouvez t\u00e9l\u00e9charger les informations contenues dans un fichier que nous allons g\u00e9n\u00e9rer pour vous. Si vous d\u00e9cidez ult\u00e9rieurement de vous r\u00e9inscrire, votre information sera disponible dans votre compte une fois de plus. Si ce n&rsquo;est pas le cas, nous vous donnerons l&rsquo;option de supprimer vos informations de fa\u00e7on permanente. Une fois supprim\u00e9, le r\u00e9cup\u00e9rer de l&rsquo;information ne sera pas possible m\u00eame si vous renouvelez votre abonnement.<\/p>\n<p>9. Referral program. A user (hereinafter Referrer) can invite his or her contacts to sign up at SmartLeges and receive 1 free month of subscription for each contact (hereinafter Referral) who registers and subscribes to SmartLeges Premium and also keeps his or her subscription for at least 35 days. A Referrer can only invite contacts whose emails are not yet registered in SmartLeges. There is no limit on the number of invitations that the Referrer can send or the number of free months a Referrer can receive. The Referrer can only use the obtained free months of subscription when he or she subscribes to SmartLeges Premium through the website https:\/\/secure.smartleges.com. If the Referrer is already subscribed via the web https:\/\/secure.smartleges.com, he or she will automatically exchange the obtained months on each periodic payment of the subscription after the 35 days since the subscription of the Referral through the complete refund of the amount paid if he or she has a monthly subscription, and when he or she has accumulated 12 free months if he or she has an annual subscription. If the Referrer purchased the subscription through the Google Android Play Store or Apple&rsquo;s App Store, he or she will not enjoy the free months unless he or she changes to a web subscription (purchased through the address https:\/\/secure.smartleges.com). The Referral will receive a free month when he or she registers with the same email address which the Referrer used when he or she sent the invitation. The Referral can exchange the free month only if he or she subscribes to SmartLeges Premium through the https:\/\/secure.smartleges.com web. The Referral will not enjoy the free month of subscription if he or she decides to subscribe through the Google Android Play Store or Apple&rsquo;s App Store. The free month of subscription obtained by the Referral at the time of registration cannot be combined with others and is independent of the number of invitations received from one or more referrers. The obtained free months are not transferable or redeemable for cash.<\/p>\n<p>10. Responsabilit\u00e9 limit\u00e9e. SmartLeges ne propose pas une consultation juridique. Les textes juridiques propos\u00e9s ont pour finalit\u00e9 l&rsquo;information et la divulgation. SmartLeges essayera de veiller \u00e0 l\u2019actualit\u00e9, l&rsquo;exactitude et la v\u00e9racit\u00e9 de ces textes, mais avertit que ce ne sont pas des documents officiels et d\u00e9cline toute responsabilit\u00e9 pour les dommages qui pourraient \u00eatre caus\u00e9s par l&rsquo;inexactitude de ces textes. Les seuls textes ayant valeur l\u00e9gale sont ceux qui figurent dans les publications officielles des organes r\u00e9gionaux ou nationaux. D\u00e8s qu&rsquo;il sera inform\u00e9 des erreurs, d\u00e9connexions ou manques d&rsquo;actualisation des contenus, SmartLeges r\u00e9alisera, si rien ne rend cette r\u00e9alisation impossible ou difficile d&rsquo;ex\u00e9cution, toutes les t\u00e2ches visant \u00e0 corriger les erreurs, \u00e0 r\u00e9tablir les connexions et \u00e0 mettre \u00e0 jour les contenus. <\/p>\n<p>SmartLeges et ses d\u00e9veloppeurs ne pourront en aucun cas \u00eatre tenus pour responsables de quelque dommage ou perte \u00e9conomique que ce soit, y compris si un repr\u00e9sentant de l&rsquo;application a \u00e9t\u00e9 averti de la possibilit\u00e9 de tels dommages. Vous vous engagez \u00e0 assumer l&rsquo;enti\u00e8re responsabilit\u00e9 de tout dommage pouvant survenir suite \u00e0 l&rsquo;utilisation de cette application. <\/p>\n<p>Vous acceptez le fait que si tout ou partie des sections pr\u00e9c\u00e9dentes n&rsquo;est pas consid\u00e9r\u00e9e comme contraignante par un tribunal, toute indemnit\u00e9 r\u00e9clam\u00e9e pour un dommage caus\u00e9 n&rsquo;exc\u00e9dera pas le montant que vous avez pay\u00e9 pour acqu\u00e9rir le programme. <\/p>\n<p>11. Droit applicable et cadre d&rsquo;application. Les pr\u00e9sentes conditions d&rsquo;utilisation sont r\u00e9gies et interpr\u00e9t\u00e9es conform\u00e9ment \u00e0 la l\u00e9gislation espagnole en ce qui concerne ce qui n&rsquo;est pas express\u00e9ment mentionn\u00e9. SmartLeges, les utilisateurs de cette application et toute personne ou entreprise qui utilise un produit ou contracte un service propos\u00e9 par celle-ci, renoncent express\u00e9ment \u00e0 tout autre cadre qui pourraient leur correspondre, et se soumettent, sauf pour le cas o\u00f9 ce ne serait pas l\u00e9galement autoris\u00e9, \u00e0 la juridiction et \u00e0 la comp\u00e9tence des tribunaux de la ville de Valence (Espagne) pour la r\u00e9solution de toute question qui pourrait survenir concernant l&rsquo;interpr\u00e9tation, l&rsquo;application et l&rsquo;ex\u00e9cution de ces conditions, ainsi que pour le traitement des r\u00e9clamations pouvant d\u00e9couler de l&rsquo;utilisation de cette application. <\/p>\n<p>12. Clause d&rsquo;arbitrage. En acceptant ces conditions d&rsquo;utilisation, les parties consentent, en cas de conflit, \u00e0 r\u00e9aliser une m\u00e9diation ou un arbitrage avant d&rsquo;entreprendre toute action juridique formelle. La m\u00e9diation ou l&rsquo;arbitrage aura lieu \u00e0 Valence (Espagne).    <\/p>\n","protected":false},"excerpt":{"rendered":"<p>Le pr\u00e9sent avis juridique contient les conditions d&rsquo;utilisation de cette application. En s\u00e9lectionnant \u2018ACCEPTER\u2019 vous acceptez tous les termes et conditions d&rsquo;utilisation de cette licence, qui constitue un contrat contraignant entre SmartLeges et vous, l&rsquo;utilisateur final. Dans tous les cas, &hellip; <a href=\"https:\/\/smartleges.com\/fr\/confidentialite-et-conditions\/\">Continue reading <span class=\"meta-nav\">&rarr;<\/span><\/a><\/p>\n","protected":false},"author":1,"featured_media":0,"parent":0,"menu_order":0,"comment_status":"closed","ping_status":"closed","template":"","meta":[],"_links":{"self":[{"href":"https:\/\/smartleges.com\/fr\/wp-json\/wp\/v2\/pages\/96"}],"collection":[{"href":"https:\/\/smartleges.com\/fr\/wp-json\/wp\/v2\/pages"}],"about":[{"href":"https:\/\/smartleges.com\/fr\/wp-json\/wp\/v2\/types\/page"}],"author":[{"embeddable":true,"href":"https:\/\/smartleges.com\/fr\/wp-json\/wp\/v2\/users\/1"}],"replies":[{"embeddable":true,"href":"https:\/\/smartleges.com\/fr\/wp-json\/wp\/v2\/comments?post=96"}],"version-history":[{"count":16,"href":"https:\/\/smartleges.com\/fr\/wp-json\/wp\/v2\/pages\/96\/revisions"}],"predecessor-version":[{"id":443,"href":"https:\/\/smartleges.com\/fr\/wp-json\/wp\/v2\/pages\/96\/revisions\/443"}],"wp:attachment":[{"href":"https:\/\/smartleges.com\/fr\/wp-json\/wp\/v2\/media?parent=96"}],"curies":[{"name":"wp","href":"https:\/\/api.w.org\/{rel}","templated":true}]}}