{"id":238,"date":"2013-05-20T14:53:47","date_gmt":"2013-05-20T14:53:47","guid":{"rendered":"http:\/\/smartleges.com\/?page_id=238"},"modified":"2013-10-10T16:51:06","modified_gmt":"2013-10-10T16:51:06","slug":"a-powerful-law-reader","status":"publish","type":"page","link":"https:\/\/smartleges.com\/it\/tour\/un-potente-lettore-di-leggi\/","title":{"rendered":"Un potente lettore di leggi"},"content":{"rendered":"<div class=\"featured-presentation featured-presentation4\">\n<div class=\"featured-presentation-slide featured-presentation-slide4\">\n<div class=\"inner-content\">\n<div class=\"featured-slide-box2\">\n<h2><span>Un potente<br \/>lettore di leggi<\/span><\/h2>\n<\/div>\n<\/div>\n<\/div>\n<\/div>\n<div  class=\"body_background\">\n<div class=\"inner-content body_wrapper\">\n<div class=\"featured-image smartleges-underline\"> <\/div>\n<div class=\"featured-text\">\n<h2>Un lettore migliore<\/h2>\n<p>Il nuovo lettore di leggi incorpora numerose nuove funzionalit\u00e0 per renderlo pi\u00f9 facile: pi\u00f9 intuitivo utilizzo di marcatori, nuova funzione di sottolineare in diversi colori e l&#8217;opzione per includere le note nel tuo sottolineati. Cos\u00ec che non dimenticare nulla.<\/p>\n<p><a href=\"https:\/\/secure.smartleges.com\/user\/registration\/source\/web\" target=\"_blank\" class=\"big-button extra-big-button  button-cyan\">Provalo gratis<\/a><\/p>\n<p>&nbsp;<\/p>\n<\/div>\n<div class=\"clear\" style=\"border-bottom:solid 1px #ddd\"><\/div>\n<p>&nbsp;<\/p>\n<div class=\"featured-image smartleges-search\"> <\/div>\n<div class=\"featured-text\">\n<h2>Nuova funzione di ricerca avanzata delle leggi<\/h2>\n<p>Con la nuova versione si pu\u00f2 trovare quasi qualsiasi legge* attraverso il nuovo modulo di ricerca avanzata. Tutta la normativa a portata di mano.<\/p>\n<p style=\"font-size:0.8em; color:#666\">*Funzionalit\u00e0 disponibili in Spagna, Regno Unito, Messico, Brasile e Colombia.<\/p>\n<p><a href=\"https:\/\/secure.smartleges.com\/user\/registration\/source\/web\" target=\"_blank\" class=\"big-button extra-big-button  button-cyan\">Provalo gratis<\/a><\/p>\n<p>&nbsp;<\/p>\n<\/div>\n<div class=\"clear\" style=\"border-bottom:solid 1px #ddd\"><\/div>\n<p>&nbsp;<\/p>\n<div class=\"featured-image smartleges-ipads\"> <\/div>\n<div class=\"featured-text\">\n<h2>Nuova versione compatibile con il Tablet<\/h2>\n<p>SmartLeges diventa grande e salta dallo smartphone al Tablet. Il suo nuovo design \u00e8 adattato a fare la maggior parte degli schermi pi\u00f9 grandi. Inoltre, consente di utilizzare l&#8217;applicazione sia verticale e modalit\u00e0 paesaggio.<\/p>\n<p><a href=\"https:\/\/secure.smartleges.com\/user\/registration\/source\/web\" target=\"_blank\" class=\"big-button extra-big-button  button-cyan\">Provalo gratis<\/a><\/p>\n<p>&nbsp;<\/p>\n<\/p><\/div>\n<div class=\"clear\" style=\"border-bottom:solid 1px #ddd\"><\/div>\n<\/div>\n<\/div>\n","protected":false},"excerpt":{"rendered":"<p>Un potentelettore di leggi Un lettore migliore Il nuovo lettore di leggi incorpora numerose nuove funzionalit\u00e0 per renderlo pi\u00f9 facile: pi\u00f9 intuitivo utilizzo di marcatori, nuova funzione di sottolineare in diversi colori e l&#8217;opzione per includere le note nel tuo &hellip; <a href=\"https:\/\/smartleges.com\/it\/tour\/un-potente-lettore-di-leggi\/\">Continue reading <span class=\"meta-nav\">&rarr;<\/span><\/a><\/p>\n","protected":false},"author":1,"featured_media":0,"parent":272,"menu_order":1,"comment_status":"open","ping_status":"open","template":"featured-template.php","meta":[],"_links":{"self":[{"href":"https:\/\/smartleges.com\/it\/wp-json\/wp\/v2\/pages\/238"}],"collection":[{"href":"https:\/\/smartleges.com\/it\/wp-json\/wp\/v2\/pages"}],"about":[{"href":"https:\/\/smartleges.com\/it\/wp-json\/wp\/v2\/types\/page"}],"author":[{"embeddable":true,"href":"https:\/\/smartleges.com\/it\/wp-json\/wp\/v2\/users\/1"}],"replies":[{"embeddable":true,"href":"https:\/\/smartleges.com\/it\/wp-json\/wp\/v2\/comments?post=238"}],"version-history":[{"count":50,"href":"https:\/\/smartleges.com\/it\/wp-json\/wp\/v2\/pages\/238\/revisions"}],"predecessor-version":[{"id":441,"href":"https:\/\/smartleges.com\/it\/wp-json\/wp\/v2\/pages\/238\/revisions\/441"}],"up":[{"embeddable":true,"href":"https:\/\/smartleges.com\/it\/wp-json\/wp\/v2\/pages\/272"}],"wp:attachment":[{"href":"https:\/\/smartleges.com\/it\/wp-json\/wp\/v2\/media?parent=238"}],"curies":[{"name":"wp","href":"https:\/\/api.w.org\/{rel}","templated":true}]}}