{"id":238,"date":"2013-05-20T14:53:47","date_gmt":"2013-05-20T14:53:47","guid":{"rendered":"http:\/\/smartleges.com\/?page_id=238"},"modified":"2013-10-10T16:51:06","modified_gmt":"2013-10-10T16:51:06","slug":"a-powerful-law-reader","status":"publish","type":"page","link":"https:\/\/smartleges.com\/pt\/tour\/un-poderoso-leitor-de-leis\/","title":{"rendered":"Um poderoso leitor de leis"},"content":{"rendered":"<div class=\"featured-presentation featured-presentation4\">\n<div class=\"featured-presentation-slide featured-presentation-slide4\">\n<div class=\"inner-content\">\n<div class=\"featured-slide-box2\">\n<h2><span>Um poderoso <br \/>leitor de leis<\/span><\/h2>\n<\/div>\n<\/div>\n<\/div>\n<\/div>\n<div  class=\"body_background\">\n<div class=\"inner-content body_wrapper\">\n<div class=\"featured-image smartleges-underline\"> <\/div>\n<div class=\"featured-text\">\n<h2>Um leitor melhorado<\/h2>\n<p>O novo leitor de lei incorpora muitas caracter\u00edsticas novas para facilitar as coisas: um uso mais intuitivo de marcadores, sublinhando nova fun\u00e7\u00e3o em cores diferentes e a op\u00e7\u00e3o de incluir notas em seus sublinhados. Para que voc\u00ea n\u00e3o esque\u00e7a nada<\/p>\n<p><a href=\"https:\/\/secure.smartleges.com\/user\/registration\/source\/web\" target=\"_blank\" class=\"big-button extra-big-button  button-cyan\">Experimente-o gratuitamente<\/a><\/p>\n<p>&nbsp;<\/p>\n<\/div>\n<div class=\"clear\" style=\"border-bottom:solid 1px #ddd\"><\/div>\n<p>&nbsp;<\/p>\n<div class=\"featured-image smartleges-search\"> <\/div>\n<div class=\"featured-text\">\n<h2>Nova fun\u00e7\u00e3o de pesquisa avan\u00e7ada de leis<\/h2>\n<p>Com a nova vers\u00e3o voc\u00ea pode encontrar quase qualquer lei* atrav\u00e9s do novo formul\u00e1rio de pesquisa avan\u00e7ada. Toda a legisla\u00e7\u00e3o ao alcance de sua m\u00e3o.<\/p>\n<p style=\"font-size:0.8em; color:#666\">*Recurso dispon\u00edvel no Brasil, Espanha, Reino Unido, M\u00e9xico e Col\u00f4mbia.<\/p>\n<p><a href=\"https:\/\/secure.smartleges.com\/user\/registration\/source\/web\" target=\"_blank\" class=\"big-button extra-big-button  button-cyan\">Experimente-o gratuitamente<\/a><\/p>\n<p>&nbsp;<\/p>\n<\/div>\n<div class=\"clear\" style=\"border-bottom:solid 1px #ddd\"><\/div>\n<p>&nbsp;<\/p>\n<div class=\"featured-image smartleges-ipads\"> <\/div>\n<div class=\"featured-text\">\n<h2>Nova vers\u00e3o compat\u00edvel com o Tablet<\/h2>\n<p>SmartLeges torna-se grande e salta de seu smartphone para o seu Tablet. Desfrute de seu novo design adaptado para aproveitar ao m\u00e1ximo as telas maiores. Ele tamb\u00e9m permite que voc\u00ea use o aplicativo tanto vertical e modo paisagem.<\/p>\n<p><a href=\"https:\/\/secure.smartleges.com\/user\/registration\/source\/web\" target=\"_blank\" class=\"big-button extra-big-button  button-cyan\">Experimente-o gratuitamente<\/a><\/p>\n<p>&nbsp;<\/p>\n<\/p><\/div>\n<div class=\"clear\" style=\"border-bottom:solid 1px #ddd\"><\/div>\n<\/div>\n<\/div>\n","protected":false},"excerpt":{"rendered":"<p>Um poderoso leitor de leis Um leitor melhorado O novo leitor de lei incorpora muitas caracter\u00edsticas novas para facilitar as coisas: um uso mais intuitivo de marcadores, sublinhando nova fun\u00e7\u00e3o em cores diferentes e a op\u00e7\u00e3o de incluir notas em &hellip; <a href=\"https:\/\/smartleges.com\/pt\/tour\/un-poderoso-leitor-de-leis\/\">Continue reading <span class=\"meta-nav\">&rarr;<\/span><\/a><\/p>\n","protected":false},"author":1,"featured_media":0,"parent":272,"menu_order":1,"comment_status":"open","ping_status":"open","template":"featured-template.php","meta":[],"_links":{"self":[{"href":"https:\/\/smartleges.com\/pt\/wp-json\/wp\/v2\/pages\/238"}],"collection":[{"href":"https:\/\/smartleges.com\/pt\/wp-json\/wp\/v2\/pages"}],"about":[{"href":"https:\/\/smartleges.com\/pt\/wp-json\/wp\/v2\/types\/page"}],"author":[{"embeddable":true,"href":"https:\/\/smartleges.com\/pt\/wp-json\/wp\/v2\/users\/1"}],"replies":[{"embeddable":true,"href":"https:\/\/smartleges.com\/pt\/wp-json\/wp\/v2\/comments?post=238"}],"version-history":[{"count":50,"href":"https:\/\/smartleges.com\/pt\/wp-json\/wp\/v2\/pages\/238\/revisions"}],"predecessor-version":[{"id":441,"href":"https:\/\/smartleges.com\/pt\/wp-json\/wp\/v2\/pages\/238\/revisions\/441"}],"up":[{"embeddable":true,"href":"https:\/\/smartleges.com\/pt\/wp-json\/wp\/v2\/pages\/272"}],"wp:attachment":[{"href":"https:\/\/smartleges.com\/pt\/wp-json\/wp\/v2\/media?parent=238"}],"curies":[{"name":"wp","href":"https:\/\/api.w.org\/{rel}","templated":true}]}}