{"id":268,"date":"2013-09-26T11:04:11","date_gmt":"2013-09-26T11:04:11","guid":{"rendered":"http:\/\/smartleges.com\/?page_id=268"},"modified":"2013-10-10T17:01:03","modified_gmt":"2013-10-10T17:01:03","slug":"practice-and-case-management-software","status":"publish","type":"page","link":"https:\/\/smartleges.com\/pt\/tour\/gestao-para-escritorio-de-advocacia\/","title":{"rendered":"Gest\u00e3o para escrit\u00f3rio de advocacia"},"content":{"rendered":"<div class=\"featured-presentation\">\n<div class=\"featured-presentation-slide featured-presentation-slide3\">\n<div class=\"inner-content\">\n<p><span>Gest\u00e3o para escrit\u00f3rio<br \/>de advocacia<\/span><\/p>\n<\/div>\n<\/div>\n<\/div>\n<div  class=\"body_background\">\n<div class=\"inner-content body_wrapper\">\n<div class=\"featured-image smartleges-matters\"> <\/div>\n<div class=\"featured-text\">\n<h2>Organize os seus assuntos jur\u00eddicos<\/h2>\n<p>SmartLeges ir\u00e1 ajud\u00e1-lo a organizar o seu trabalho: agora voc\u00ea pode criar assuntos jur\u00eddicos classificados por status (ativo, em pausa, acabado). Adicione uma descri\u00e7\u00e3o e vincule leis, artigos, sublinhados e anota\u00e7\u00f5es para acessar mais facilmente as informa\u00e7\u00f5es que voc\u00ea precisa. <\/p>\n<p><a href=\"https:\/\/secure.smartleges.com\/user\/registration\/source\/web\" target=\"_blank\" class=\"big-button extra-big-button  button-cyan\">Experimente-o gratuitamente<\/a><\/p>\n<p>&nbsp;<\/p>\n<\/div>\n<div class=\"clear\" style=\"border-bottom:solid 1px #ddd\"><\/div>\n<div class=\"featured-image smartleges-agenda\"> <\/div>\n<div class=\"featured-text\">\n<h2>Agenda, contacts and tasks<\/h2>\n<p>Gestiona tu agenda, contactos y tareas relacionadas con tus expedientes. Recibe notificaciones cuando est\u00e9 pr\u00f3xima su fecha de vencimiento. Importa la informaci\u00f3n de tu dispositivo y cons\u00faltala desde el ordenador, smartphone o tablet.<\/p>\n<p><a href=\"https:\/\/secure.smartleges.com\/user\/registration\/source\/web\" target=\"_blank\" class=\"big-button extra-big-button  button-cyan\">Experimente-o gratuitamente<\/a><\/p>\n<p>&nbsp;<\/p>\n<\/div>\n<div class=\"clear\" style=\"border-bottom:solid 1px #ddd\"><\/div>\n<\/div>\n<\/div>\n","protected":false},"excerpt":{"rendered":"<p>Gest\u00e3o para escrit\u00f3riode advocacia Organize os seus assuntos jur\u00eddicos SmartLeges ir\u00e1 ajud\u00e1-lo a organizar o seu trabalho: agora voc\u00ea pode criar assuntos jur\u00eddicos classificados por status (ativo, em pausa, acabado). Adicione uma descri\u00e7\u00e3o e vincule leis, artigos, sublinhados e anota\u00e7\u00f5es &hellip; <a href=\"https:\/\/smartleges.com\/pt\/tour\/gestao-para-escritorio-de-advocacia\/\">Continue reading <span class=\"meta-nav\">&rarr;<\/span><\/a><\/p>\n","protected":false},"author":1,"featured_media":0,"parent":272,"menu_order":2,"comment_status":"open","ping_status":"open","template":"featured-template.php","meta":[],"_links":{"self":[{"href":"https:\/\/smartleges.com\/pt\/wp-json\/wp\/v2\/pages\/268"}],"collection":[{"href":"https:\/\/smartleges.com\/pt\/wp-json\/wp\/v2\/pages"}],"about":[{"href":"https:\/\/smartleges.com\/pt\/wp-json\/wp\/v2\/types\/page"}],"author":[{"embeddable":true,"href":"https:\/\/smartleges.com\/pt\/wp-json\/wp\/v2\/users\/1"}],"replies":[{"embeddable":true,"href":"https:\/\/smartleges.com\/pt\/wp-json\/wp\/v2\/comments?post=268"}],"version-history":[{"count":41,"href":"https:\/\/smartleges.com\/pt\/wp-json\/wp\/v2\/pages\/268\/revisions"}],"predecessor-version":[{"id":445,"href":"https:\/\/smartleges.com\/pt\/wp-json\/wp\/v2\/pages\/268\/revisions\/445"}],"up":[{"embeddable":true,"href":"https:\/\/smartleges.com\/pt\/wp-json\/wp\/v2\/pages\/272"}],"wp:attachment":[{"href":"https:\/\/smartleges.com\/pt\/wp-json\/wp\/v2\/media?parent=268"}],"curies":[{"name":"wp","href":"https:\/\/api.w.org\/{rel}","templated":true}]}}