{"id":277,"date":"2013-09-26T11:13:51","date_gmt":"2013-09-26T11:13:51","guid":{"rendered":"http:\/\/smartleges.com\/?page_id=277"},"modified":"2013-10-28T12:34:12","modified_gmt":"2013-10-28T12:34:12","slug":"smartleges-cloud","status":"publish","type":"page","link":"https:\/\/smartleges.com\/pt\/tour\/smartleges-cloud\/","title":{"rendered":"SmartLeges Cloud"},"content":{"rendered":"<div class=\"featured-presentation\">\n<div class=\"featured-presentation-slide featured-presentation-slide2\">\n<div class=\"inner-content\">\n<p><span>Multiplataforma<br \/>e Cloud<\/span><\/p>\n<\/div>\n<\/div>\n<\/div>\n<div  class=\"body_background\">\n<div class=\"inner-content body_wrapper\">\n<div class=\"featured-image smartleges-cloud\"> <\/div>\n<div class=\"featured-text\">\n<h2>Suas informa\u00e7\u00f5es em qualquer lugar<\/h2>\n<p>SmartLeges agora \u00e9 cruz-plataforma e usa a tecnologia de nuvem para que voc\u00ea pode usar a qualquer momento o dispositivo que voc\u00ea tem na m\u00e3o sem ter que se preocupar onde voc\u00ea tem as informa\u00e7\u00f5es. Gerencie seus assuntos no computador, sublinhe no seu Tablet, verifique em seu smartphone: SmartLeges cuida de que tem sempre as mesmas informa\u00e7\u00f5es dispon\u00edveis em todos os dispositivos.<\/p>\n<p><a href=\"https:\/\/secure.smartleges.com\/user\/registration\/source\/web\" target=\"_blank\" class=\"big-button extra-big-button  button-cyan\">Experimente-o gratuitamente<\/a><\/p>\n<p>&nbsp;<\/p>\n<\/div>\n<div class=\"clear\" style=\"border-bottom:solid 1px #ddd\"><\/div>\n<p>&nbsp;<\/p>\n<div class=\"featured-image smartleges-encryption\"> <\/div>\n<div class=\"featured-text\">\n<h2>N\u00e3o desista da seguran\u00e7a<\/h2>\n<p>SmartLeges usa conex\u00f5es criptografadas SSL de 256 bits em todas as comunica\u00e7\u00f5es e os processos de sincroniza\u00e7\u00e3o. Al\u00e9m disso, armazena os dados no datacenter da OVH, web hosting n\u00b0 1 na Europa com backups di\u00e1rios em dois datacenters a mais de 300 km de dist\u00e2ncia, garantindo assim a seguran\u00e7a de suas informa\u00e7\u00f5es.<\/p>\n<p><a href=\"https:\/\/secure.smartleges.com\/user\/registration\/source\/web\" target=\"_blank\" class=\"big-button extra-big-button  button-cyan\">Experimente-o gratuitamente<\/a><\/p>\n<\/div>\n<div class=\"clear\" style=\"border-bottom:solid 1px #ddd\"><\/div>\n<\/div>\n<\/div>\n","protected":false},"excerpt":{"rendered":"<p>Multiplataformae Cloud Suas informa\u00e7\u00f5es em qualquer lugar SmartLeges agora \u00e9 cruz-plataforma e usa a tecnologia de nuvem para que voc\u00ea pode usar a qualquer momento o dispositivo que voc\u00ea tem na m\u00e3o sem ter que se preocupar onde voc\u00ea tem &hellip; <a href=\"https:\/\/smartleges.com\/pt\/tour\/smartleges-cloud\/\">Continue reading <span class=\"meta-nav\">&rarr;<\/span><\/a><\/p>\n","protected":false},"author":1,"featured_media":0,"parent":272,"menu_order":3,"comment_status":"open","ping_status":"open","template":"featured-template.php","meta":[],"_links":{"self":[{"href":"https:\/\/smartleges.com\/pt\/wp-json\/wp\/v2\/pages\/277"}],"collection":[{"href":"https:\/\/smartleges.com\/pt\/wp-json\/wp\/v2\/pages"}],"about":[{"href":"https:\/\/smartleges.com\/pt\/wp-json\/wp\/v2\/types\/page"}],"author":[{"embeddable":true,"href":"https:\/\/smartleges.com\/pt\/wp-json\/wp\/v2\/users\/1"}],"replies":[{"embeddable":true,"href":"https:\/\/smartleges.com\/pt\/wp-json\/wp\/v2\/comments?post=277"}],"version-history":[{"count":18,"href":"https:\/\/smartleges.com\/pt\/wp-json\/wp\/v2\/pages\/277\/revisions"}],"predecessor-version":[{"id":489,"href":"https:\/\/smartleges.com\/pt\/wp-json\/wp\/v2\/pages\/277\/revisions\/489"}],"up":[{"embeddable":true,"href":"https:\/\/smartleges.com\/pt\/wp-json\/wp\/v2\/pages\/272"}],"wp:attachment":[{"href":"https:\/\/smartleges.com\/pt\/wp-json\/wp\/v2\/media?parent=277"}],"curies":[{"name":"wp","href":"https:\/\/api.w.org\/{rel}","templated":true}]}}