{"id":96,"date":"2013-02-27T12:47:33","date_gmt":"2013-02-27T12:47:33","guid":{"rendered":"http:\/\/smartleges.com\/?page_id=96"},"modified":"2013-10-10T16:59:58","modified_gmt":"2013-10-10T16:59:58","slug":"privacy-terms","status":"publish","type":"page","link":"https:\/\/smartleges.com\/pt\/privacidade-e-termos\/","title":{"rendered":"Privacidade e termos"},"content":{"rendered":"<p>Este CONTRATO DE LICEN\u00c7A DE USU\u00c1RIO FINAL cont\u00e9m as condi\u00e7\u00f5es de utiliza\u00e7\u00e3o desta aplica\u00e7\u00e3o. Usando SmartLeges voc\u00ea concorda com todos os termos e condi\u00e7\u00f5es de uso desta licen\u00e7a, o que constitui um contrato vinculativo entre SmartLeges e voc\u00ea como usu\u00e1rio final. Em qualquer caso, a instala\u00e7\u00e3o e utiliza\u00e7\u00e3o desta aplica\u00e7\u00e3o implica a aceita\u00e7\u00e3o destas condi\u00e7\u00f5es de utiliza\u00e7\u00e3o. Usu\u00e1rios finais podem enviar sugest\u00f5es, d\u00favidas ou reclama\u00e7\u00f5es sobre o funcionamento dos nossos servi\u00e7os atrav\u00e9s do formul\u00e1rio de coment\u00e1rios desta aplica\u00e7\u00e3o.<\/p>\n<p>1. Objeto. SmartLeges \u00e9 um aplicativo que permite o acesso \u00e0s leis.<\/p>\n<p>2. O uso do Software. Voc\u00ea n\u00e3o deve fazer ou distribuir c\u00f3pias de qualquer parte do Software, que \u00e9 para seu uso pessoal.<\/p>\n<p>3. Copyright. O Software, a sua estrutura, organiza\u00e7\u00e3o e c\u00f3digo \u00e9 de propriedade SmartLeges, e \u00e9 protegido por Direitos Autorais Internacional leis e tratados. Este Contrato de Licen\u00e7a de Usu\u00e1rio Final lhe concede quaisquer direitos de propriedade intelectual do Software. Voc\u00ea concorda em n\u00e3o copiar, modificar, traduzir, adaptar, descompilar ou fazer engenharia reversa do Software.<\/p>\n<p>4. Sem Garantia. Este software est\u00e1 sendo entregue a voc\u00ea &#8220;como est\u00e1&#8221; e SmartLeges n\u00e3o faz nenhuma garantia, expressa ou impl\u00edcita, quanto ao seu bom funcionamento, desempenho ou resultados obtidos com seu uso.<\/p>\n<p>5. Novas funcionalidades e aplica\u00e7\u00f5es. O usu\u00e1rio autoriza expressamente SmartLeges para enviar-lhe mensagens sobre os novos recursos, documentos ou aplicativos novos vendidos atrav\u00e9s do mercado, e responder \u00e0s sugest\u00f5es do usu\u00e1rio, throght o uso de mensagens dentro da aplica\u00e7\u00e3o, e-mail, redes sociais e de outra forma telem\u00e1tica.<\/p>\n<p>6. Altera\u00e7\u00f5es e atualiza\u00e7\u00f5es. Reservas SmartLeges o direito de fazer, a qualquer momento e sem aviso pr\u00e9vio, modifica\u00e7\u00f5es e actualiza\u00e7\u00f5es da informa\u00e7\u00e3o contida no programa, da configura\u00e7\u00e3o, a disponibilidade ea apresenta\u00e7\u00e3o da informa\u00e7\u00e3o, bem como estes Contrato de Licen\u00e7a de Usu\u00e1rio Final.<\/p>\n<p>6.1. App Stores.\u00a0 You acknowledge and agree that the availability of the SmartLeges Software is dependent on the third party from which you received the SmartLeges Software, e.g., the Android Market or Apple app store (each, an &#8220;App Store&#8221;).\u00a0 You acknowledge that this Agreement is between you and SmartLeges and not with the App Store.\u00a0 Each App Store may have its own terms and conditions to which you must agree before downloading the SmartLeges Software from it.\u00a0 You agree to comply with, and your license to use the SmartLeges Software is conditioned upon your compliance with, all applicable terms and conditions of the applicable App Store.<\/p>\n<p>6.2. Payments. Cancellation. Final Sale:\u00a0 Any and all payments made to SmartLeges for use and access to any SmartLeges Services and SmartLeges Software are final and all charges are nonrefundable. Cancellations are effective the following billing period in which payment is due. You will not receive a refund for any payment amount, even if payment was made for multiple billing periods. If you have an account set up for reoccurring billing, you may cancel your account at any time. You will continue to have the same access for any billing period or periods for which you have paid. If your profile content or your conduct within the SmartLeges Software or SmartLeges Services violates our Terms of Service, your access and account may be immediately terminated and all payments forfeited.<\/p>\n<p>7. Apple App Store Additional Terms and Conditions.\u00a0 The following additional terms and conditions apply to you if you are using a SmartLeges Software from the Apple App Store.\u00a0 To the extent the other terms and conditions of this Agreement are less restrictive than, or otherwise conflict with, the terms and conditions of this Section 19, the more restrictive or conflicting terms and conditions in this Section 19 apply, but solely with respect to SmartLeges Softwares from the Apple App Store.<\/p>\n<p>7.1. Acknowledgement: SmartLeges and you acknowledge that this Agreement is concluded between SmartLeges and you only, and not with Apple, and SmartLeges, not Apple, is solely responsible for SmartLeges Software and the content thereof.\u00a0 To the extent this Agreement provides for usage rules for SmartLeges Software that are less restrictive than the Usage Rules set forth for SmartLeges Software in, or otherwise is in conflict with, the App Store Terms of Service, the more restrictive or conflicting Apple term applies.<br \/>\n7.2. Scope of License: The license granted to you for SmartLeges Software is limited to a non-transferable license to use SmartLeges Software on an iOS Product that you own or control and as permitted by the Usage Rules set forth in the App Store Terms of Service.<br \/>\n7.3. Maintenance and Support: SmartLeges is solely responsible for providing any maintenance and support services with respect to SmartLeges Software, as specified in this Agreement (if any), or as required under applicable law. SmartLeges and you acknowledge that Apple has no obligation whatsoever to furnish any maintenance and support services with respect to SmartLeges Software.<br \/>\n7.4. Warranty: SmartLeges is solely responsible for any product warranties, whether express or implied by law, to the extent not effectively disclaimed. In the event of any failure of SmartLeges Software to conform to any applicable warranty, you may notify Apple, and Apple will refund the purchase price for SmartLeges Software to you; and to the maximum extent permitted by applicable law, Apple will have no other warranty obligation whatsoever with respect to SmartLeges Software, and any other claims, losses, liabilities, damages, costs or expenses attributable to any failure to conform to any warranty will be SmartLeges&#8217;s sole\u00a0 responsibility.<br \/>\n7.5. Product Claims: SmartLeges and you acknowledge that SmartLeges, not Apple, is responsible for addressing any claims of you or any third party relating to SmartLeges Software or your possession and\/or use of SmartLeges Software, including, but not limited to: (i) product liability claims; (ii) any claim that SmartLeges Software fails to conform to any applicable legal or regulatory requirement; and (iii) claims arising under consumer protection or similar legislation. This Agreement does not limit SmartLeges&#8217;s liability to you beyond what is permitted by applicable law.<br \/>\n7.6. Intellectual Property Rights: SmartLeges and you acknowledge that, in the event of any third party claim that SmartLeges Software or your possession and use of SmartLeges Software infringes that third party&#8217;s intellectual property rights, SmartLeges, not Apple, will be solely responsible for the investigation, defense, settlement and discharge of any such intellectual property infringement claim.<br \/>\n7.7. Legal Compliance: You represent and warrant that (i) you are not located in a country that is subject to a U.S. Government embargo, or that has been designated by the U.S. Government as a &#8220;terrorist supporting&#8221; country; and (ii) you are not listed on any U.S. Government list of prohibited or restricted parties.<br \/>\n7.8. Developer Name and Address: SmartLeges&#8217;s contact information for any end-user questions, complaints or claims with respect to SmartLeges Software is set forth in Section 18.10.<br \/>\n7.9. Third Party Terms of Agreement: You must comply with applicable third party terms of agreement when using SmartLeges Software<br \/>\n7.10. Third Party Beneficiary: SmartLeges and you acknowledge and agree that Apple, and Apple&#8217;s\u00a0 subsidiaries, are third party beneficiaries of this Agreement, and that, upon your acceptance of the terms and conditions of this Agreement, Apple will have the right (and will be deemed to have accepted the right) to enforce this Agreement against you as a third party beneficiary thereof.<\/p>\n<p>8. SmartLeges Premium. SmartLeges pode ser usado gratuitamente ou atrav\u00e9s de uma assinatura SmartLeges Premium. Os pre\u00e7os de SmartLeges Premium podem variar dependendo do pa\u00eds. A subscri\u00e7\u00e3o SmartLeges Premium \u00e9 v\u00e1lida por 30 dias. O pagamento \u00e9 cobrado de sua conta no iTunes, Google Play ou Paypal na confirma\u00e7\u00e3o da compra. A assinatura \u00e9 automaticamente renovada a menos que a renova\u00e7\u00e3o autom\u00e1tica est\u00e1 desativada pelo menos 24 horas antes do final do per\u00edodo atual. Voc\u00ea ser\u00e1 cobrado na sua conta o pre\u00e7o que aparece no topo desta p\u00e1gina, dentro de 24 horas antes do final do per\u00edodo atual. As assinaturas podem ser gerenciadas e renova\u00e7\u00e3o autom\u00e1tica pode ser desactivada, indo para a p\u00e1gina de configura\u00e7\u00f5es de conta no App Store, Google Play ou Paypal ap\u00f3s a compra. O cancelamento da assinatura atual n\u00e3o \u00e9 permitido durante o per\u00edodo de subscri\u00e7\u00e3o. Se voc\u00ea cancelar sua assinatura, ou que se torna temporariamente suspenso por falta de pagamento, voc\u00ea pode baixar as informa\u00e7\u00f5es em um arquivo que ir\u00e1 gerar para voc\u00ea. Se voc\u00ea decidir se inscrever novamente mais tarde, suas informa\u00e7\u00f5es estar\u00e3o dispon\u00edveis em sua conta novamente. Se n\u00e3o, n\u00f3s lhe daremos a op\u00e7\u00e3o de excluir suas informa\u00e7\u00f5es permanentemente. Uma vez exclu\u00eddo, a recupera\u00e7\u00e3o de informa\u00e7\u00f5es n\u00e3o ser\u00e1 poss\u00edvel.<\/p>\n<p>9. Referral program. A user (hereinafter Referrer) can invite his or her contacts to sign up at SmartLeges and receive 1 free month of subscription for each contact (hereinafter Referral) who registers and subscribes to SmartLeges Premium and also keeps his or her subscription for at least 35 days. A Referrer can only invite contacts whose emails are not yet registered in SmartLeges. There is no limit on the number of invitations that the Referrer can send or the number of free months a Referrer can receive. The Referrer can only use the obtained free months of subscription when he or she subscribes to SmartLeges Premium through the website https:\/\/secure.smartleges.com. If the Referrer is already subscribed via the web https:\/\/secure.smartleges.com, he or she will automatically exchange the obtained months on each periodic payment of the subscription after the 35 days since the subscription of the Referral through the complete refund of the amount paid if he or she has a monthly subscription, and when he or she has accumulated 12 free months if he or she has an annual subscription. If the Referrer purchased the subscription through the Google Android Play Store or Apple&#8217;s App Store, he or she will not enjoy the free months unless he or she changes to a web subscription (purchased through the address https:\/\/secure.smartleges.com). The Referral will receive a free month when he or she registers with the same email address which the Referrer used when he or she sent the invitation. The Referral can exchange the free month only if he or she subscribes to SmartLeges Premium through the https:\/\/secure.smartleges.com web. The Referral will not enjoy the free month of subscription if he or she decides to subscribe through the Google Android Play Store or Apple&#8217;s App Store. The free month of subscription obtained by the Referral at the time of registration cannot be combined with others and is independent of the number of invitations received from one or more referrers. The obtained free months are not transferable or redeemable for cash.<\/p>\n<p>10. Limita\u00e7\u00e3o de responsabilidade. SmartLeges n\u00e3o constitui aconselhamento jur\u00eddico. Os textos legais indicadas s\u00e3o oferecidos para fins de informa\u00e7\u00e3o ou divulga\u00e7\u00e3o. SmartLeges tentar garantir a moeda, exatid\u00e3o e veracidade, mas adverte que esses n\u00e3o s\u00e3o os documentos oficiais e n\u00e3o aceita nenhuma responsabilidade por danos causados \u200b\u200bpor eventuais imprecis\u00f5es neles. Os textos s\u00f3 s\u00e3o juridicamente v\u00e1lidos s\u00e3o aqueles que aparecem nas publica\u00e7\u00f5es oficiais dos \u00f3rg\u00e3os regionais ou nacionais. Logo que tiver conhecimento de algum erro, desconex\u00f5es ou falta de conte\u00fado atualizado, SmartLeges far\u00e1 todos os esfor\u00e7os poss\u00edveis para corrigir os erros, restaurar a comunica\u00e7\u00e3o e atualiza\u00e7\u00e3o desses conte\u00fados, desde que n\u00e3o haja causas que tornem imposs\u00edvel ou dif\u00edcil de executar.<\/p>\n<p>Em qualquer caso, SmartLeges ou seus desenvolvedores s\u00e3o respons\u00e1veis \u200b\u200bperante voc\u00ea por qualquer dano ou perda econ\u00f4mica, mesmo que nenhum representante do pedido tenha sido avisada da possibilidade de tais danos. Voc\u00ea concorda em aceitar a plena responsabilidade por qualquer dano a si mesmo, real ou aproximada, que pode ocorrer atrav\u00e9s da utiliza\u00e7\u00e3o deste programa.<\/p>\n<p>Voc\u00ea concorda que se qualquer parte total ou parcial das se\u00e7\u00f5es acima \u00e9 considerada n\u00e3o-obrigat\u00f3rio por um tribunal, qualquer ora\u00e7\u00e3o para o al\u00edvio que voc\u00ea procura n\u00e3o poder\u00e1 exceder o valor que voc\u00ea pagou para o programa.<\/p>\n<p>11. Lei aplic\u00e1vel e foro. Este Contrato de Licen\u00e7a de Usu\u00e1rio Final devem ser regidos e interpretados de acordo com a legisla\u00e7\u00e3o espanhola em mat\u00e9ria n\u00e3o expressamente indicados. SmartLeges, os usu\u00e1rios finais do programa e qualquer pessoa ou empresa que utiliza ou contratar qualquer produto ou servi\u00e7o aqui previsto, com ren\u00fancia expressa a qualquer outro foro que possa ser aplicada, apresentar, exceto em casos onde n\u00e3o \u00e9 permitido legalmente, \u00e0 jurisdi\u00e7\u00e3o dos tribunais de a cidade de Val\u00eancia (Espanha) para a resolu\u00e7\u00e3o de quaisquer quest\u00f5es que possam surgir sobre a interpreta\u00e7\u00e3o, aplica\u00e7\u00e3o e execu\u00e7\u00e3o destas condi\u00e7\u00f5es, bem como os cr\u00e9ditos resultantes de qualquer uso deste programa.<\/p>\n<p>12. Cl\u00e1usula de arbitragem. Ao concordar com esta End User License Agreement, se surgir um lit\u00edgio, as partes comprometem-se a entrar em media\u00e7\u00e3o de arbitragem antes de qualquer a\u00e7\u00e3o formal do tribunal ser\u00e1 tomada. O local da media\u00e7\u00e3o ser\u00e1 localizada em Val\u00eancia (Espanha).<\/p>\n<div dir=\"ltr\" id=\"TranslationOutput\">\n<div><strong>LI ESTE ACORDO E CONCORDO COM TODAS AS DISPOSI\u00c7\u00d5ES CONTIDAS ACIMA<\/strong><\/div>\n<\/div>\n","protected":false},"excerpt":{"rendered":"<p>Este CONTRATO DE LICEN\u00c7A DE USU\u00c1RIO FINAL cont\u00e9m as condi\u00e7\u00f5es de utiliza\u00e7\u00e3o desta aplica\u00e7\u00e3o. Usando SmartLeges voc\u00ea concorda com todos os termos e condi\u00e7\u00f5es de uso desta licen\u00e7a, o que constitui um contrato vinculativo entre SmartLeges e voc\u00ea como usu\u00e1rio &hellip; <a href=\"https:\/\/smartleges.com\/pt\/privacidade-e-termos\/\">Continue reading <span class=\"meta-nav\">&rarr;<\/span><\/a><\/p>\n","protected":false},"author":1,"featured_media":0,"parent":0,"menu_order":0,"comment_status":"closed","ping_status":"closed","template":"","meta":[],"_links":{"self":[{"href":"https:\/\/smartleges.com\/pt\/wp-json\/wp\/v2\/pages\/96"}],"collection":[{"href":"https:\/\/smartleges.com\/pt\/wp-json\/wp\/v2\/pages"}],"about":[{"href":"https:\/\/smartleges.com\/pt\/wp-json\/wp\/v2\/types\/page"}],"author":[{"embeddable":true,"href":"https:\/\/smartleges.com\/pt\/wp-json\/wp\/v2\/users\/1"}],"replies":[{"embeddable":true,"href":"https:\/\/smartleges.com\/pt\/wp-json\/wp\/v2\/comments?post=96"}],"version-history":[{"count":16,"href":"https:\/\/smartleges.com\/pt\/wp-json\/wp\/v2\/pages\/96\/revisions"}],"predecessor-version":[{"id":443,"href":"https:\/\/smartleges.com\/pt\/wp-json\/wp\/v2\/pages\/96\/revisions\/443"}],"wp:attachment":[{"href":"https:\/\/smartleges.com\/pt\/wp-json\/wp\/v2\/media?parent=96"}],"curies":[{"name":"wp","href":"https:\/\/api.w.org\/{rel}","templated":true}]}}